{"id":333,"date":"2022-10-31T11:38:26","date_gmt":"2022-10-31T11:38:26","guid":{"rendered":"https:\/\/matchthemes.com\/demowp\/latulipe\/?page_id=333"},"modified":"2025-12-11T21:05:11","modified_gmt":"2025-12-11T21:05:11","slug":"home","status":"publish","type":"page","link":"https:\/\/nakala.si\/sl\/","title":{"rendered":"Home"},"content":{"rendered":"<div data-elementor-type=\"wp-page\" data-elementor-id=\"333\" class=\"elementor elementor-333\" data-elementor-post-type=\"page\">\n\t\t\t\t\t\t<section class=\"elementor-section elementor-top-section elementor-element elementor-element-c4f20a1 elementor-section-boxed elementor-section-height-default elementor-section-height-default\" data-id=\"c4f20a1\" data-element_type=\"section\">\n\t\t\t\t\t\t<div class=\"elementor-container elementor-column-gap-default\">\n\t\t\t\t\t<div class=\"elementor-column elementor-col-100 elementor-top-column elementor-element elementor-element-91a10f5\" data-id=\"91a10f5\" data-element_type=\"column\">\n\t\t\t<div class=\"elementor-widget-wrap elementor-element-populated\">\n\t\t\t\t\t\t<div class=\"elementor-element elementor-element-deb52a7 el-smalltitle pcolor elementor-widget elementor-widget-heading\" data-id=\"deb52a7\" data-element_type=\"widget\" data-widget_type=\"heading.default\">\n\t\t\t\t<div class=\"elementor-widget-container\">\n\t\t\t\t\t<span class=\"elementor-heading-title elementor-size-default\">Tradicija in inovativnost<\/span>\t\t\t\t<\/div>\n\t\t\t\t<\/div>\n\t\t\t\t<div class=\"elementor-element elementor-element-f7c1812 elementor-widget elementor-widget-heading\" data-id=\"f7c1812\" data-element_type=\"widget\" data-widget_type=\"heading.default\">\n\t\t\t\t<div class=\"elementor-widget-container\">\n\t\t\t\t\t<h2 class=\"elementor-heading-title elementor-size-default\">Edinstvena lokacija<\/h2>\t\t\t\t<\/div>\n\t\t\t\t<\/div>\n\t\t\t\t\t<\/div>\n\t\t<\/div>\n\t\t\t\t\t<\/div>\n\t\t<\/section>\n\t\t\t\t<section class=\"elementor-section elementor-top-section elementor-element elementor-element-596910e elementor-section-content-middle elementor-section-boxed elementor-section-height-default elementor-section-height-default\" data-id=\"596910e\" data-element_type=\"section\">\n\t\t\t\t\t\t<div class=\"elementor-container elementor-column-gap-default\">\n\t\t\t\t\t<div class=\"elementor-column elementor-col-25 elementor-top-column elementor-element elementor-element-16bac59\" data-id=\"16bac59\" data-element_type=\"column\">\n\t\t\t<div class=\"elementor-widget-wrap elementor-element-populated\">\n\t\t\t\t\t\t<div class=\"elementor-element elementor-element-828ceb2 elementor-widget elementor-widget-text-editor\" data-id=\"828ceb2\" data-element_type=\"widget\" data-widget_type=\"text-editor.default\">\n\t\t\t\t<div class=\"elementor-widget-container\">\n\t\t\t\t\t\t\t\t\t<p>Dobrodo\u0161li v <strong>NAKALA<\/strong>, va\u0161 popoln pobeg ob morju, ki se nahaja na osupljivi slovenski obali v sredi\u0161\u010du Portoro\u017ea. Na\u0161a restavracija ponuja edinstveno do\u017eivetje, saj zdru\u017euje tradicionalno sredozemsko kuhinjo s \u010dudovitim pogledom na Jadransko morje.<\/p><p>V NAKALI smo ponosni na to, da stre\u017eemo samo najbolj\u0161e, sve\u017ee sestavine, pridobljene lokalno in pripravljene z ljubeznijo. Na\u0161 jedilnik vsebuje \u010dudovito me\u0161anico klasi\u010dnih sredozemskih jedi, od sve\u017eih morskih sade\u017eev do slanega mesa na \u017earu, ki so vse pripravljene tako, da poudarijo prave okuse regije.<\/p>\t\t\t\t\t\t\t\t<\/div>\n\t\t\t\t<\/div>\n\t\t\t\t\t<\/div>\n\t\t<\/div>\n\t\t\t\t<div class=\"elementor-column elementor-col-50 elementor-top-column elementor-element elementor-element-d3d785f\" data-id=\"d3d785f\" data-element_type=\"column\">\n\t\t\t<div class=\"elementor-widget-wrap elementor-element-populated\">\n\t\t\t\t\t\t<div class=\"elementor-element elementor-element-c688968 elementor-pagination-position-inside elementor-widget elementor-widget-image-carousel\" data-id=\"c688968\" data-element_type=\"widget\" data-settings=\"{&quot;slides_to_show&quot;:&quot;1&quot;,&quot;navigation&quot;:&quot;dots&quot;,&quot;autoplay_speed&quot;:3000,&quot;effect&quot;:&quot;fade&quot;,&quot;autoplay&quot;:&quot;yes&quot;,&quot;pause_on_hover&quot;:&quot;yes&quot;,&quot;pause_on_interaction&quot;:&quot;yes&quot;,&quot;infinite&quot;:&quot;yes&quot;,&quot;speed&quot;:500}\" data-widget_type=\"image-carousel.default\">\n\t\t\t\t<div class=\"elementor-widget-container\">\n\t\t\t\t\t\t\t<div class=\"elementor-image-carousel-wrapper swiper\" role=\"region\" aria-roledescription=\"carousel\" aria-label=\"Image Carousel\" dir=\"ltr\">\n\t\t\t<div class=\"elementor-image-carousel swiper-wrapper\" aria-live=\"off\">\n\t\t\t\t\t\t\t\t<div class=\"swiper-slide\" role=\"group\" aria-roledescription=\"slide\" aria-label=\"1 of 4\"><figure class=\"swiper-slide-inner\"><img decoding=\"async\" class=\"swiper-slide-image\" src=\"https:\/\/nakala.si\/wp-content\/uploads\/nakala-2.webp\" alt=\"nakala\" \/><\/figure><\/div><div class=\"swiper-slide\" role=\"group\" aria-roledescription=\"slide\" aria-label=\"2 of 4\"><figure class=\"swiper-slide-inner\"><img decoding=\"async\" class=\"swiper-slide-image\" src=\"https:\/\/nakala.si\/wp-content\/uploads\/page-p1.jpg\" alt=\"page-p1\" \/><\/figure><\/div><div class=\"swiper-slide\" role=\"group\" aria-roledescription=\"slide\" aria-label=\"3 of 4\"><figure class=\"swiper-slide-inner\"><img decoding=\"async\" class=\"swiper-slide-image\" src=\"https:\/\/nakala.si\/wp-content\/uploads\/nakala1.webp\" alt=\"nakala1\" \/><\/figure><\/div><div class=\"swiper-slide\" role=\"group\" aria-roledescription=\"slide\" aria-label=\"4 of 4\"><figure class=\"swiper-slide-inner\"><img decoding=\"async\" class=\"swiper-slide-image\" src=\"https:\/\/nakala.si\/wp-content\/uploads\/pricing-p1.jpg\" alt=\"pricing-p1\" \/><\/figure><\/div>\t\t\t<\/div>\n\t\t\t\t\t\t\t\n\t\t\t\t\t\t\t\t\t<div class=\"swiper-pagination\"><\/div>\n\t\t\t\t\t\t\t\t\t<\/div>\n\t\t\t\t\t\t<\/div>\n\t\t\t\t<\/div>\n\t\t\t\t\t<\/div>\n\t\t<\/div>\n\t\t\t\t<div class=\"elementor-column elementor-col-25 elementor-top-column elementor-element elementor-element-74ba652\" data-id=\"74ba652\" data-element_type=\"column\">\n\t\t\t<div class=\"elementor-widget-wrap elementor-element-populated\">\n\t\t\t\t\t\t<div class=\"elementor-element elementor-element-ab81052 elementor-widget elementor-widget-text-editor\" data-id=\"ab81052\" data-element_type=\"widget\" data-widget_type=\"text-editor.default\">\n\t\t\t\t<div class=\"elementor-widget-container\">\n\t\t\t\t\t\t\t\t\t<p>Na\u0161a restavracija, ki se nahaja neposredno na pla\u017ei, ponuja spro\u0161\u010deno in prijetno vzdu\u0161je, kjer lahko gostje u\u017eivajo v izjemni hrani ob pogledu na \u010dudovito obalo. Zavezani smo k odli\u010dnosti v vseh podrobnostih \u2013 naj bo to kakovost na\u0161e hrane, higiena na\u0161ih prostorov ali prijazna storitev, ki jo boste prejeli.<\/p><p>Ne glede na to, ali ste tukaj zaradi romanti\u010dne ve\u010derje, dru\u017einskega sre\u010danja ali spro\u0161\u010denega obroka ob morju, je NAKALA popoln kraj za u\u017eivanje v okusni hrani, sprostitev in ustvarjanje nepozabnih spominov. Pridru\u017eite se nam in do\u017eivite okus Mediterana, tik ob obali Jadrana.<\/p>\t\t\t\t\t\t\t\t<\/div>\n\t\t\t\t<\/div>\n\t\t\t\t\t<\/div>\n\t\t<\/div>\n\t\t\t\t\t<\/div>\n\t\t<\/section>\n\t\t<div class=\"elementor-element elementor-element-ab81550 e-flex e-con-boxed e-con e-parent\" data-id=\"ab81550\" data-element_type=\"container\">\n\t\t\t\t\t<div class=\"e-con-inner\">\n\t\t\t\t<div class=\"elementor-element elementor-element-0cfde54 elementor-widget elementor-widget-heading\" data-id=\"0cfde54\" data-element_type=\"widget\" data-widget_type=\"heading.default\">\n\t\t\t\t<div class=\"elementor-widget-container\">\n\t\t\t\t\t<h2 class=\"elementor-heading-title elementor-size-default\"><a href=\"https:\/\/panoview360.com\/projekte\/portoroz\/nakala\/index.htm\">ZA\u010cNITE VIRTUALNI OGLED<\/a><\/h2>\t\t\t\t<\/div>\n\t\t\t\t<\/div>\n\t\t\t\t\t<\/div>\n\t\t\t\t<\/div>\n\t\t<div class=\"elementor-element elementor-element-10245ab e-grid e-con-boxed e-con e-parent\" data-id=\"10245ab\" data-element_type=\"container\">\n\t\t\t\t\t<div class=\"e-con-inner\">\n\t\t\t\t\t<\/div>\n\t\t\t\t<\/div>\n\t\t\t\t<section class=\"elementor-section elementor-top-section elementor-element elementor-element-cf7cf8e elementor-section-boxed elementor-section-height-default elementor-section-height-default\" data-id=\"cf7cf8e\" data-element_type=\"section\">\n\t\t\t\t\t\t<div class=\"elementor-container elementor-column-gap-default\">\n\t\t\t\t\t<div class=\"elementor-column elementor-col-100 elementor-top-column elementor-element elementor-element-dbb06c2\" data-id=\"dbb06c2\" data-element_type=\"column\">\n\t\t\t<div class=\"elementor-widget-wrap elementor-element-populated\">\n\t\t\t\t\t\t<div class=\"elementor-element elementor-element-a5a01b8 el-btn elementor-align-center elementor-widget elementor-widget-button\" data-id=\"a5a01b8\" data-element_type=\"widget\" data-widget_type=\"button.default\">\n\t\t\t\t<div class=\"elementor-widget-container\">\n\t\t\t\t\t\t\t\t\t<div class=\"elementor-button-wrapper\">\n\t\t\t\t\t<a class=\"elementor-button elementor-button-link elementor-size-sm\" href=\"https:\/\/nakala.si\/sl\/\">\n\t\t\t\t\t\t<span class=\"elementor-button-content-wrapper\">\n\t\t\t\t\t\t\t\t\t<span class=\"elementor-button-text\">Ogled vseh menijev<\/span>\n\t\t\t\t\t<\/span>\n\t\t\t\t\t<\/a>\n\t\t\t\t<\/div>\n\t\t\t\t\t\t\t\t<\/div>\n\t\t\t\t<\/div>\n\t\t\t\t\t<\/div>\n\t\t<\/div>\n\t\t\t\t\t<\/div>\n\t\t<\/section>\n\t\t<div class=\"elementor-element elementor-element-6fd1a96 e-flex e-con-boxed e-con e-parent\" data-id=\"6fd1a96\" data-element_type=\"container\">\n\t\t\t\t\t<div class=\"e-con-inner\">\n\t\t\t\t\t<\/div>\n\t\t\t\t<\/div>\n\t\t<div class=\"elementor-element elementor-element-1caa337 e-flex e-con-boxed e-con e-parent\" data-id=\"1caa337\" data-element_type=\"container\">\n\t\t\t\t\t<div class=\"e-con-inner\">\n\t\t\t\t\t<\/div>\n\t\t\t\t<\/div>\n\t\t<div class=\"elementor-element elementor-element-1217563 e-flex e-con-boxed e-con e-parent\" data-id=\"1217563\" data-element_type=\"container\">\n\t\t\t\t\t<div class=\"e-con-inner\">\n\t\t\t\t<div class=\"elementor-element elementor-element-c5551ce elementor-view-default elementor-widget elementor-widget-icon\" data-id=\"c5551ce\" data-element_type=\"widget\" data-widget_type=\"icon.default\">\n\t\t\t\t<div class=\"elementor-widget-container\">\n\t\t\t\t\t\t\t<div class=\"elementor-icon-wrapper\">\n\t\t\t<div class=\"elementor-icon\">\n\t\t\t<svg aria-hidden=\"true\" class=\"e-font-icon-svg e-fas-star\" viewbox=\"0 0 576 512\" xmlns=\"http:\/\/www.w3.org\/2000\/svg\"><path d=\"M259.3 17.8L194 150.2 47.9 171.5c-26.2 3.8-36.7 36.1-17.7 54.6l105.7 103-25 145.5c-4.5 26.3 23.2 46 46.4 33.7L288 439.6l130.7 68.7c23.2 12.2 50.9-7.4 46.4-33.7l-25-145.5 105.7-103c19-18.5 8.5-50.8-17.7-54.6L382 150.2 316.7 17.8c-11.7-23.6-45.6-23.9-57.4 0z\"><\/path><\/svg>\t\t\t<\/div>\n\t\t<\/div>\n\t\t\t\t\t\t<\/div>\n\t\t\t\t<\/div>\n\t\t\t\t\t<\/div>\n\t\t\t\t<\/div>\n\t\t<div class=\"elementor-element elementor-element-9044075 e-flex e-con-boxed e-con e-parent\" data-id=\"9044075\" data-element_type=\"container\">\n\t\t\t\t\t<div class=\"e-con-inner\">\n\t\t\t\t<div class=\"elementor-element elementor-element-bb2f64c elementor-widget elementor-widget-button\" data-id=\"bb2f64c\" data-element_type=\"widget\" data-widget_type=\"button.default\">\n\t\t\t\t<div class=\"elementor-widget-container\">\n\t\t\t\t\t\t\t\t\t<div class=\"elementor-button-wrapper\">\n\t\t\t\t\t<a class=\"elementor-button elementor-button-link elementor-size-sm\" href=\"#\">\n\t\t\t\t\t\t<span class=\"elementor-button-content-wrapper\">\n\t\t\t\t\t\t\t\t\t<span class=\"elementor-button-text\">Click here<\/span>\n\t\t\t\t\t<\/span>\n\t\t\t\t\t<\/a>\n\t\t\t\t<\/div>\n\t\t\t\t\t\t\t\t<\/div>\n\t\t\t\t<\/div>\n\t\t\t\t\t<\/div>\n\t\t\t\t<\/div>\n\t\t<div class=\"elementor-element elementor-element-ec523e4 e-flex e-con-boxed e-con e-parent\" data-id=\"ec523e4\" data-element_type=\"container\">\n\t\t\t\t\t<div class=\"e-con-inner\">\n\t\t\t\t\t<\/div>\n\t\t\t\t<\/div>\n\t\t<div class=\"elementor-element elementor-element-ccadb13 e-flex e-con-boxed e-con e-parent\" data-id=\"ccadb13\" data-element_type=\"container\">\n\t\t\t\t\t<div class=\"e-con-inner\">\n\t\t\t\t<div class=\"elementor-element elementor-element-4d53664 elementor-widget elementor-widget-theme-site-logo elementor-widget-image\" data-id=\"4d53664\" data-element_type=\"widget\" data-widget_type=\"theme-site-logo.default\">\n\t\t\t\t<div class=\"elementor-widget-container\">\n\t\t\t\t\t\t\t\t\t\t\t<a href=\"https:\/\/nakala.si\/sl\">\n\t\t\t<img fetchpriority=\"high\" decoding=\"async\" width=\"399\" height=\"153\" src=\"https:\/\/nakala.si\/wp-content\/uploads\/Nakala_logo_name_white.png\" class=\"attachment-full size-full wp-image-2572\" alt=\"\" srcset=\"https:\/\/nakala.si\/wp-content\/uploads\/Nakala_logo_name_white.png 399w, https:\/\/nakala.si\/wp-content\/uploads\/Nakala_logo_name_white-300x115.png 300w\" sizes=\"(max-width: 399px) 100vw, 399px\" \/>\t\t\t\t<\/a>\n\t\t\t\t\t\t\t\t\t\t\t<\/div>\n\t\t\t\t<\/div>\n\t\t\t\t\t<\/div>\n\t\t\t\t<\/div>\n\t\t\t\t<\/div>","protected":false},"excerpt":{"rendered":"<p>Tradition &amp; Innovation A unique Location Welcome to NAKALA, your perfect seaside escape located on the stunning Slovenian coast in the heart of Portoro\u017e. Our restaurant offers a unique experience, combining traditional Mediterranean cuisine with breathtaking views of the Adriatic&#8230;<\/p>","protected":false},"author":1,"featured_media":0,"parent":0,"menu_order":0,"comment_status":"closed","ping_status":"closed","template":"templates\/template-home.php","meta":{"footnotes":""},"class_list":["post-333","page","type-page","status-publish","hentry"],"acf":[],"_links":{"self":[{"href":"https:\/\/nakala.si\/sl\/wp-json\/wp\/v2\/pages\/333","targetHints":{"allow":["GET"]}}],"collection":[{"href":"https:\/\/nakala.si\/sl\/wp-json\/wp\/v2\/pages"}],"about":[{"href":"https:\/\/nakala.si\/sl\/wp-json\/wp\/v2\/types\/page"}],"author":[{"embeddable":true,"href":"https:\/\/nakala.si\/sl\/wp-json\/wp\/v2\/users\/1"}],"replies":[{"embeddable":true,"href":"https:\/\/nakala.si\/sl\/wp-json\/wp\/v2\/comments?post=333"}],"version-history":[{"count":50,"href":"https:\/\/nakala.si\/sl\/wp-json\/wp\/v2\/pages\/333\/revisions"}],"predecessor-version":[{"id":3083,"href":"https:\/\/nakala.si\/sl\/wp-json\/wp\/v2\/pages\/333\/revisions\/3083"}],"wp:attachment":[{"href":"https:\/\/nakala.si\/sl\/wp-json\/wp\/v2\/media?parent=333"}],"curies":[{"name":"wp","href":"https:\/\/api.w.org\/{rel}","templated":true}]}}