{"id":315,"date":"2022-10-31T11:05:27","date_gmt":"2022-10-31T11:05:27","guid":{"rendered":"https:\/\/matchthemes.com\/demowp\/latulipe\/?page_id=315"},"modified":"2024-12-23T10:43:42","modified_gmt":"2024-12-23T10:43:42","slug":"about-us","status":"publish","type":"page","link":"https:\/\/nakala.si\/sl\/about-us\/","title":{"rendered":"O nas"},"content":{"rendered":"<div data-elementor-type=\"wp-page\" data-elementor-id=\"315\" class=\"elementor elementor-315\" data-elementor-post-type=\"page\">\n\t\t\t\t\t\t<section class=\"elementor-section elementor-top-section elementor-element elementor-element-13e895c elementor-section-boxed elementor-section-height-default elementor-section-height-default\" data-id=\"13e895c\" data-element_type=\"section\" data-e-type=\"section\">\n\t\t\t\t\t\t<div class=\"elementor-container elementor-column-gap-default\">\n\t\t\t\t\t<div class=\"elementor-column elementor-col-50 elementor-top-column elementor-element elementor-element-0a7c29b\" data-id=\"0a7c29b\" data-element_type=\"column\" data-e-type=\"column\">\n\t\t\t<div class=\"elementor-widget-wrap elementor-element-populated\">\n\t\t\t\t\t\t<div class=\"elementor-element elementor-element-0f3cbe2 el-smalltitle pcolor elementor-widget elementor-widget-heading\" data-id=\"0f3cbe2\" data-element_type=\"widget\" data-e-type=\"widget\" data-widget_type=\"heading.default\">\n\t\t\t\t<div class=\"elementor-widget-container\">\n\t\t\t\t\t<span class=\"elementor-heading-title elementor-size-default\">O nas<\/span>\t\t\t\t<\/div>\n\t\t\t\t<\/div>\n\t\t\t\t\t<\/div>\n\t\t<\/div>\n\t\t\t\t<div class=\"elementor-column elementor-col-50 elementor-top-column elementor-element elementor-element-810012e\" data-id=\"810012e\" data-element_type=\"column\" data-e-type=\"column\">\n\t\t\t<div class=\"elementor-widget-wrap elementor-element-populated\">\n\t\t\t\t\t\t<div class=\"elementor-element elementor-element-5b32f6d elementor-widget elementor-widget-text-editor\" data-id=\"5b32f6d\" data-element_type=\"widget\" data-e-type=\"widget\" data-widget_type=\"text-editor.default\">\n\t\t\t\t<div class=\"elementor-widget-container\">\n\t\t\t\t\t\t\t\t\t<p>Dobrodo\u0161li v <strong>NAKALA<\/strong>, va\u0161 popoln pobeg ob morju, ki se nahaja na osupljivi slovenski obali v sredi\u0161\u010du Portoro\u017ea. Na\u0161a restavracija ponuja edinstveno do\u017eivetje, saj zdru\u017euje tradicionalno sredozemsko kuhinjo s \u010dudovitim pogledom na Jadransko morje.<\/p><p>V NAKALI smo ponosni na to, da stre\u017eemo samo najbolj\u0161e, sve\u017ee sestavine, pridobljene lokalno in pripravljene z ljubeznijo. Na\u0161 jedilnik vsebuje \u010dudovito me\u0161anico klasi\u010dnih sredozemskih jedi, od sve\u017eih morskih sade\u017eev do slanega mesa na \u017earu, ki so vse pripravljene tako, da poudarijo prave okuse regije.<\/p><p>Na\u0161a restavracija, ki se nahaja neposredno na pla\u017ei, ponuja spro\u0161\u010deno in prijetno vzdu\u0161je, kjer lahko gostje u\u017eivajo v izjemni hrani ob pogledu na \u010dudovito obalo. Zavezani smo k odli\u010dnosti v vseh podrobnostih \u2013 naj bo to kakovost na\u0161e hrane, higiena na\u0161ih prostorov ali prijazna storitev, ki jo boste prejeli.<\/p><p>Ne glede na to, ali ste tukaj zaradi romanti\u010dne ve\u010derje, dru\u017einskega sre\u010danja ali spro\u0161\u010denega obroka ob morju, je NAKALA popoln kraj za u\u017eivanje v okusni hrani, sprostitev in ustvarjanje nepozabnih spominov. Pridru\u017eite se nam in do\u017eivite okus Mediterana, tik ob obali Jadrana.<\/p><div>\u00a0<\/div>\t\t\t\t\t\t\t\t<\/div>\n\t\t\t\t<\/div>\n\t\t\t\t\t<\/div>\n\t\t<\/div>\n\t\t\t\t\t<\/div>\n\t\t<\/section>\n\t\t\t\t<section class=\"elementor-section elementor-top-section elementor-element elementor-element-d7a3c1d elementor-section-boxed elementor-section-height-default elementor-section-height-default\" data-id=\"d7a3c1d\" data-element_type=\"section\" data-e-type=\"section\" data-settings=\"{&quot;background_background&quot;:&quot;classic&quot;}\">\n\t\t\t\t\t\t<div class=\"elementor-container elementor-column-gap-default\">\n\t\t\t\t\t<div class=\"elementor-column elementor-col-100 elementor-top-column elementor-element elementor-element-ef43b6a\" data-id=\"ef43b6a\" data-element_type=\"column\" data-e-type=\"column\">\n\t\t\t<div class=\"elementor-widget-wrap elementor-element-populated\">\n\t\t\t\t\t\t<div class=\"elementor-element elementor-element-b90b50b elementor-arrows-position-inside elementor-widget elementor-widget-image-carousel\" data-id=\"b90b50b\" data-element_type=\"widget\" data-e-type=\"widget\" data-settings=\"{&quot;slides_to_show&quot;:&quot;1&quot;,&quot;navigation&quot;:&quot;arrows&quot;,&quot;autoplay&quot;:&quot;yes&quot;,&quot;pause_on_hover&quot;:&quot;yes&quot;,&quot;pause_on_interaction&quot;:&quot;yes&quot;,&quot;autoplay_speed&quot;:5000,&quot;infinite&quot;:&quot;yes&quot;,&quot;effect&quot;:&quot;slide&quot;,&quot;speed&quot;:500}\" data-widget_type=\"image-carousel.default\">\n\t\t\t\t<div class=\"elementor-widget-container\">\n\t\t\t\t\t\t\t<div class=\"elementor-image-carousel-wrapper swiper\" role=\"region\" aria-roledescription=\"carousel\" aria-label=\"Image Carousel\" dir=\"ltr\">\n\t\t\t<div class=\"elementor-image-carousel swiper-wrapper\" aria-live=\"off\">\n\t\t\t\t\t\t\t\t<div class=\"swiper-slide\" role=\"group\" aria-roledescription=\"slide\" aria-label=\"1 of 4\" data-no-translation-aria-label=\"\"><figure class=\"swiper-slide-inner\"><img decoding=\"async\" class=\"swiper-slide-image\" src=\"https:\/\/nakala.si\/wp-content\/uploads\/2024-11-15-3.webp\" alt=\"2024-11-15\" \/><\/figure><\/div><div class=\"swiper-slide\" role=\"group\" aria-roledescription=\"slide\" aria-label=\"2 of 4\" data-no-translation-aria-label=\"\"><figure class=\"swiper-slide-inner\"><img decoding=\"async\" class=\"swiper-slide-image\" src=\"https:\/\/nakala.si\/wp-content\/uploads\/blog-7.jpg\" alt=\"blog-7\" \/><\/figure><\/div><div class=\"swiper-slide\" role=\"group\" aria-roledescription=\"slide\" aria-label=\"3 of 4\" data-no-translation-aria-label=\"\"><figure class=\"swiper-slide-inner\"><img decoding=\"async\" class=\"swiper-slide-image\" src=\"https:\/\/nakala.si\/wp-content\/uploads\/blog-9.jpg\" alt=\"blog-9\" \/><\/figure><\/div><div class=\"swiper-slide\" role=\"group\" aria-roledescription=\"slide\" aria-label=\"4 of 4\" data-no-translation-aria-label=\"\"><figure class=\"swiper-slide-inner\"><img decoding=\"async\" class=\"swiper-slide-image\" src=\"https:\/\/nakala.si\/wp-content\/uploads\/blog-8.jpg\" alt=\"blog-8\" \/><\/figure><\/div>\t\t\t<\/div>\n\t\t\t\t\t\t\t\t\t\t\t\t<div class=\"elementor-swiper-button elementor-swiper-button-prev\" role=\"button\" tabindex=\"0\">\n\t\t\t\t\t\t<svg aria-hidden=\"true\" class=\"e-font-icon-svg e-eicon-chevron-left\" viewbox=\"0 0 1000 1000\" xmlns=\"http:\/\/www.w3.org\/2000\/svg\"><path d=\"M646 125C629 125 613 133 604 142L308 442C296 454 292 471 292 487 292 504 296 521 308 533L604 854C617 867 629 875 646 875 663 875 679 871 692 858 704 846 713 829 713 812 713 796 708 779 692 767L438 487 692 225C700 217 708 204 708 187 708 171 704 154 692 142 675 129 663 125 646 125Z\"><\/path><\/svg>\t\t\t\t\t<\/div>\n\t\t\t\t\t<div class=\"elementor-swiper-button elementor-swiper-button-next\" role=\"button\" tabindex=\"0\">\n\t\t\t\t\t\t<svg aria-hidden=\"true\" class=\"e-font-icon-svg e-eicon-chevron-right\" viewbox=\"0 0 1000 1000\" xmlns=\"http:\/\/www.w3.org\/2000\/svg\"><path d=\"M696 533C708 521 713 504 713 487 713 471 708 454 696 446L400 146C388 133 375 125 354 125 338 125 325 129 313 142 300 154 292 171 292 187 292 204 296 221 308 233L563 492 304 771C292 783 288 800 288 817 288 833 296 850 308 863 321 871 338 875 354 875 371 875 388 867 400 854L696 533Z\"><\/path><\/svg>\t\t\t\t\t<\/div>\n\t\t\t\t\n\t\t\t\t\t\t\t\t\t<\/div>\n\t\t\t\t\t\t<\/div>\n\t\t\t\t<\/div>\n\t\t\t\t\t<\/div>\n\t\t<\/div>\n\t\t\t\t\t<\/div>\n\t\t<\/section>\n\t\t\t\t<\/div>","protected":false},"excerpt":{"rendered":"<p>About Us Welcome to NAKALA, your perfect seaside escape located on the stunning Slovenian coast in the heart of Portoro\u017e. Our restaurant offers a unique experience, combining traditional Mediterranean cuisine with breathtaking views of the Adriatic Sea. At NAKALA, we&#8230;<\/p>","protected":false},"author":1,"featured_media":77,"parent":0,"menu_order":0,"comment_status":"closed","ping_status":"closed","template":"templates\/template-fullscreen.php","meta":{"footnotes":""},"class_list":["post-315","page","type-page","status-publish","has-post-thumbnail","hentry"],"acf":[],"_links":{"self":[{"href":"https:\/\/nakala.si\/sl\/wp-json\/wp\/v2\/pages\/315","targetHints":{"allow":["GET"]}}],"collection":[{"href":"https:\/\/nakala.si\/sl\/wp-json\/wp\/v2\/pages"}],"about":[{"href":"https:\/\/nakala.si\/sl\/wp-json\/wp\/v2\/types\/page"}],"author":[{"embeddable":true,"href":"https:\/\/nakala.si\/sl\/wp-json\/wp\/v2\/users\/1"}],"replies":[{"embeddable":true,"href":"https:\/\/nakala.si\/sl\/wp-json\/wp\/v2\/comments?post=315"}],"version-history":[{"count":17,"href":"https:\/\/nakala.si\/sl\/wp-json\/wp\/v2\/pages\/315\/revisions"}],"predecessor-version":[{"id":3021,"href":"https:\/\/nakala.si\/sl\/wp-json\/wp\/v2\/pages\/315\/revisions\/3021"}],"wp:featuredmedia":[{"embeddable":true,"href":"https:\/\/nakala.si\/sl\/wp-json\/wp\/v2\/media\/77"}],"wp:attachment":[{"href":"https:\/\/nakala.si\/sl\/wp-json\/wp\/v2\/media?parent=315"}],"curies":[{"name":"wp","href":"https:\/\/api.w.org\/{rel}","templated":true}]}}